{"id":61,"date":"2020-03-19T15:30:09","date_gmt":"2020-03-19T15:30:09","guid":{"rendered":"https:\/\/www.thegolf.blog\/?page_id=61"},"modified":"2020-03-19T15:30:10","modified_gmt":"2020-03-19T15:30:10","slug":"politica-de-privacidade","status":"publish","type":"page","link":"https:\/\/www.thegolf.blog\/pt\/politica-de-privacidade\/","title":{"rendered":"pol\u00edtica de Privacidade"},"content":{"rendered":"<h3 class=\"wp-block-heading\">Sua privacidade<\/h3>\n\n\n\n<p>Sua privacidade \u00e9 importante para n\u00f3s. Para melhor proteg\u00ea-la, disponibilizamos este aviso explicando nossas pr\u00e1ticas de informa\u00e7\u00f5es online e as escolhas que voc\u00ea pode fazer sobre a forma como suas informa\u00e7\u00f5es s\u00e3o coletadas e utilizadas. Para facilitar a localiza\u00e7\u00e3o deste aviso, o disponibilizamos em nossa p\u00e1gina inicial e em todos os pontos onde informa\u00e7\u00f5es de identifica\u00e7\u00e3o pessoal possam ser solicitadas.<\/p>\n\n\n\n<h3 class=\"wp-block-heading\">Google Adsense e o cookie DoubleClick DART<\/h3>\n\n\n\n<p>O Google, como fornecedor terceirizado de an\u00fancios, utiliza cookies para veicular an\u00fancios neste site. O uso de cookies DART pelo Google permite que ele veicule an\u00fancios aos visitantes com base em suas visitas a este site, bem como a outros sites na internet.<\/p>\n\n\n\n<p>Para desativar os cookies do DART, voc\u00ea pode acessar a pol\u00edtica de privacidade da rede de conte\u00fado e an\u00fancios do Google no seguinte URL http:\/\/www.google.com\/privacy_ads.html O rastreamento de usu\u00e1rios por meio dos mecanismos de cookies do DART est\u00e1 sujeito \u00e0s pr\u00f3prias pol\u00edticas de privacidade do Google.<\/p>\n\n\n\n<p>Outros servidores de an\u00fancios ou redes de an\u00fancios de terceiros tamb\u00e9m podem usar cookies para rastrear as atividades dos usu\u00e1rios neste site para medir a efic\u00e1cia dos an\u00fancios e outros motivos que ser\u00e3o fornecidos em suas pr\u00f3prias pol\u00edticas de privacidade. O Golf Blog n\u00e3o tem acesso ou controle sobre esses cookies que podem ser usados por anunciantes de terceiros.<\/p>\n\n\n\n<h3 class=\"wp-block-heading\">Coleta de Informa\u00e7\u00f5es Pessoais<\/h3>\n\n\n\n<p>Ao visitar o The Golf Blog, o endere\u00e7o IP usado para acessar o site ser\u00e1 registrado, juntamente com as datas e hor\u00e1rios de acesso. Essas informa\u00e7\u00f5es s\u00e3o usadas exclusivamente para analisar tend\u00eancias, administrar o site, rastrear a movimenta\u00e7\u00e3o dos usu\u00e1rios e coletar informa\u00e7\u00f5es demogr\u00e1ficas gerais para uso interno. Mais importante ainda, os endere\u00e7os IP registrados n\u00e3o s\u00e3o vinculados a informa\u00e7\u00f5es de identifica\u00e7\u00e3o pessoal.<\/p>\n\n\n\n<h3 class=\"wp-block-heading\">Links para sites de terceiros<\/h3>\n\n\n\n<p>Inclu\u00edmos links neste site para seu uso e refer\u00eancia. N\u00e3o nos responsabilizamos pelas pol\u00edticas de privacidade desses sites. Voc\u00ea deve estar ciente de que as pol\u00edticas de privacidade desses sites podem ser diferentes das nossas.<\/p>\n\n\n\n<h3 class=\"wp-block-heading\">Altera\u00e7\u00f5es a esta Declara\u00e7\u00e3o de Privacidade<\/h3>\n\n\n\n<p>O conte\u00fado desta declara\u00e7\u00e3o pode ser alterado a qualquer momento, a nosso crit\u00e9rio.<\/p>\n\n\n\n<p>Caso tenha alguma d\u00favida sobre a pol\u00edtica de privacidade do The Golf Blog, entre em contato conosco pelo e-mail support@thegolf.blog.<\/p>","protected":false},"excerpt":{"rendered":"<p>Your Privacy Your privacy is important to us. To better protect your privacy we provide this notice explaining our online information practices and the choices you can make about the way your information is collected and used. To make this notice easy to find, we make it available on our homepage and at every point [&hellip;]<\/p>\n","protected":false},"author":1,"featured_media":0,"parent":0,"menu_order":0,"comment_status":"closed","ping_status":"closed","template":"","meta":{"_uag_custom_page_level_css":"","_lmt_disableupdate":"","_lmt_disable":"","footnotes":""},"class_list":["post-61","page","type-page","status-publish","hentry"],"yoast_head":"<!-- This site is optimized with the Yoast SEO plugin v27.3 - https:\/\/yoast.com\/product\/yoast-seo-wordpress\/ -->\n<title>Privacy Policy - The Golf Blog<\/title>\n<meta name=\"robots\" content=\"index, follow, max-snippet:-1, max-image-preview:large, max-video-preview:-1\" \/>\n<link rel=\"canonical\" href=\"https:\/\/www.thegolf.blog\/pt\/politica-de-privacidade\/\" \/>\n<meta property=\"og:locale\" content=\"pt_BR\" \/>\n<meta property=\"og:type\" content=\"article\" \/>\n<meta property=\"og:title\" content=\"Privacy Policy - The Golf Blog\" \/>\n<meta property=\"og:description\" content=\"Your Privacy Your privacy is important to us. To better protect your privacy we provide this notice explaining our online information practices and the choices you can make about the way your information is collected and used. To make this notice easy to find, we make it available on our homepage and at every point [&hellip;]\" \/>\n<meta property=\"og:url\" content=\"https:\/\/www.thegolf.blog\/pt\/politica-de-privacidade\/\" \/>\n<meta property=\"og:site_name\" content=\"The Golf Blog\" \/>\n<meta property=\"article:modified_time\" content=\"2020-03-19T15:30:10+00:00\" \/>\n<meta name=\"twitter:card\" content=\"summary_large_image\" \/>\n<meta name=\"twitter:label1\" content=\"Est. tempo de leitura\" \/>\n\t<meta name=\"twitter:data1\" content=\"2 minutos\" \/>\n<script type=\"application\/ld+json\" class=\"yoast-schema-graph\">{\"@context\":\"https:\\\/\\\/schema.org\",\"@graph\":[{\"@type\":\"WebPage\",\"@id\":\"https:\\\/\\\/www.thegolf.blog\\\/privacy-policy\\\/\",\"url\":\"https:\\\/\\\/www.thegolf.blog\\\/privacy-policy\\\/\",\"name\":\"Privacy Policy - The Golf Blog\",\"isPartOf\":{\"@id\":\"https:\\\/\\\/www.thegolf.blog\\\/#website\"},\"datePublished\":\"2020-03-19T15:30:09+00:00\",\"dateModified\":\"2020-03-19T15:30:10+00:00\",\"breadcrumb\":{\"@id\":\"https:\\\/\\\/www.thegolf.blog\\\/privacy-policy\\\/#breadcrumb\"},\"inLanguage\":\"pt-BR\",\"potentialAction\":[{\"@type\":\"ReadAction\",\"target\":[\"https:\\\/\\\/www.thegolf.blog\\\/privacy-policy\\\/\"]}]},{\"@type\":\"BreadcrumbList\",\"@id\":\"https:\\\/\\\/www.thegolf.blog\\\/privacy-policy\\\/#breadcrumb\",\"itemListElement\":[{\"@type\":\"ListItem\",\"position\":1,\"name\":\"Home\",\"item\":\"https:\\\/\\\/www.thegolf.blog\\\/\"},{\"@type\":\"ListItem\",\"position\":2,\"name\":\"Privacy Policy\"}]},{\"@type\":\"WebSite\",\"@id\":\"https:\\\/\\\/www.thegolf.blog\\\/#website\",\"url\":\"https:\\\/\\\/www.thegolf.blog\\\/\",\"name\":\"The Golf Blog\",\"description\":\"\",\"publisher\":{\"@id\":\"https:\\\/\\\/www.thegolf.blog\\\/#organization\"},\"potentialAction\":[{\"@type\":\"SearchAction\",\"target\":{\"@type\":\"EntryPoint\",\"urlTemplate\":\"https:\\\/\\\/www.thegolf.blog\\\/?s={search_term_string}\"},\"query-input\":{\"@type\":\"PropertyValueSpecification\",\"valueRequired\":true,\"valueName\":\"search_term_string\"}}],\"inLanguage\":\"pt-BR\"},{\"@type\":\"Organization\",\"@id\":\"https:\\\/\\\/www.thegolf.blog\\\/#organization\",\"name\":\"The Golf Blog\",\"url\":\"https:\\\/\\\/www.thegolf.blog\\\/\",\"logo\":{\"@type\":\"ImageObject\",\"inLanguage\":\"pt-BR\",\"@id\":\"https:\\\/\\\/www.thegolf.blog\\\/#\\\/schema\\\/logo\\\/image\\\/\",\"url\":\"https:\\\/\\\/www.thegolf.blog\\\/wp-content\\\/uploads\\\/2020\\\/04\\\/The-Golf-Blog.png\",\"contentUrl\":\"https:\\\/\\\/www.thegolf.blog\\\/wp-content\\\/uploads\\\/2020\\\/04\\\/The-Golf-Blog.png\",\"width\":945,\"height\":229,\"caption\":\"The Golf Blog\"},\"image\":{\"@id\":\"https:\\\/\\\/www.thegolf.blog\\\/#\\\/schema\\\/logo\\\/image\\\/\"}}]}<\/script>\n<!-- \/ Yoast SEO plugin. -->","yoast_head_json":{"title":"Pol\u00edtica de Privacidade - The Golf Blog","robots":{"index":"index","follow":"follow","max-snippet":"max-snippet:-1","max-image-preview":"max-image-preview:large","max-video-preview":"max-video-preview:-1"},"canonical":"https:\/\/www.thegolf.blog\/pt\/politica-de-privacidade\/","og_locale":"pt_BR","og_type":"article","og_title":"Privacy Policy - The Golf Blog","og_description":"Your Privacy Your privacy is important to us. To better protect your privacy we provide this notice explaining our online information practices and the choices you can make about the way your information is collected and used. To make this notice easy to find, we make it available on our homepage and at every point [&hellip;]","og_url":"https:\/\/www.thegolf.blog\/pt\/politica-de-privacidade\/","og_site_name":"The Golf Blog","article_modified_time":"2020-03-19T15:30:10+00:00","twitter_card":"summary_large_image","twitter_misc":{"Est. tempo de leitura":"2 minutos"},"schema":{"@context":"https:\/\/schema.org","@graph":[{"@type":"WebPage","@id":"https:\/\/www.thegolf.blog\/privacy-policy\/","url":"https:\/\/www.thegolf.blog\/privacy-policy\/","name":"Pol\u00edtica de Privacidade - The Golf Blog","isPartOf":{"@id":"https:\/\/www.thegolf.blog\/#website"},"datePublished":"2020-03-19T15:30:09+00:00","dateModified":"2020-03-19T15:30:10+00:00","breadcrumb":{"@id":"https:\/\/www.thegolf.blog\/privacy-policy\/#breadcrumb"},"inLanguage":"pt-BR","potentialAction":[{"@type":"ReadAction","target":["https:\/\/www.thegolf.blog\/privacy-policy\/"]}]},{"@type":"BreadcrumbList","@id":"https:\/\/www.thegolf.blog\/privacy-policy\/#breadcrumb","itemListElement":[{"@type":"ListItem","position":1,"name":"Home","item":"https:\/\/www.thegolf.blog\/"},{"@type":"ListItem","position":2,"name":"Privacy Policy"}]},{"@type":"WebSite","@id":"https:\/\/www.thegolf.blog\/#website","url":"https:\/\/www.thegolf.blog\/","name":"O Blog de Golfe","description":"","publisher":{"@id":"https:\/\/www.thegolf.blog\/#organization"},"potentialAction":[{"@type":"SearchAction","target":{"@type":"EntryPoint","urlTemplate":"https:\/\/www.thegolf.blog\/?s={search_term_string}"},"query-input":{"@type":"PropertyValueSpecification","valueRequired":true,"valueName":"search_term_string"}}],"inLanguage":"pt-BR"},{"@type":"Organization","@id":"https:\/\/www.thegolf.blog\/#organization","name":"O Blog de Golfe","url":"https:\/\/www.thegolf.blog\/","logo":{"@type":"ImageObject","inLanguage":"pt-BR","@id":"https:\/\/www.thegolf.blog\/#\/schema\/logo\/image\/","url":"https:\/\/www.thegolf.blog\/wp-content\/uploads\/2020\/04\/The-Golf-Blog.png","contentUrl":"https:\/\/www.thegolf.blog\/wp-content\/uploads\/2020\/04\/The-Golf-Blog.png","width":945,"height":229,"caption":"The Golf Blog"},"image":{"@id":"https:\/\/www.thegolf.blog\/#\/schema\/logo\/image\/"}}]}},"uagb_featured_image_src":{"full":false,"thumbnail":false,"medium":false,"medium_large":false,"large":false,"list-image":false,"1536x1536":false,"2048x2048":false,"trp-custom-language-flag":false,"johannes-a":false,"johannes-b":false,"johannes-c":false,"johannes-d":false,"johannes-e":false,"johannes-f":false,"johannes-fa-a":false,"johannes-fa-b":false,"johannes-fa-c":false,"johannes-fa-d":false,"johannes-fa-e":false,"johannes-single-1":false,"johannes-single-2":false,"johannes-single-3":false,"johannes-single-4":false,"johannes-single-5":false,"johannes-page-1":false,"johannes-page-2":false,"johannes-page-3":false,"johannes-page-4":false,"johannes-wa-1":false,"johannes-wa-2":false,"johannes-wa-3":false,"johannes-wa-4":false,"johannes-archive-2":false,"johannes-archive-3":false,"rpwe-thumbnail":false},"uagb_author_info":{"display_name":"golfie","author_link":"https:\/\/www.thegolf.blog\/pt\/author\/golfie\/"},"uagb_comment_info":0,"uagb_excerpt":"Your Privacy Your privacy is important to us. To better protect your privacy we provide this notice explaining our online information practices and the choices you can make about the way your information is collected and used. To make this notice easy to find, we make it available on our homepage and at every point&hellip;","_links":{"self":[{"href":"https:\/\/www.thegolf.blog\/pt\/wp-json\/wp\/v2\/pages\/61","targetHints":{"allow":["GET"]}}],"collection":[{"href":"https:\/\/www.thegolf.blog\/pt\/wp-json\/wp\/v2\/pages"}],"about":[{"href":"https:\/\/www.thegolf.blog\/pt\/wp-json\/wp\/v2\/types\/page"}],"author":[{"embeddable":true,"href":"https:\/\/www.thegolf.blog\/pt\/wp-json\/wp\/v2\/users\/1"}],"replies":[{"embeddable":true,"href":"https:\/\/www.thegolf.blog\/pt\/wp-json\/wp\/v2\/comments?post=61"}],"version-history":[{"count":1,"href":"https:\/\/www.thegolf.blog\/pt\/wp-json\/wp\/v2\/pages\/61\/revisions"}],"predecessor-version":[{"id":62,"href":"https:\/\/www.thegolf.blog\/pt\/wp-json\/wp\/v2\/pages\/61\/revisions\/62"}],"wp:attachment":[{"href":"https:\/\/www.thegolf.blog\/pt\/wp-json\/wp\/v2\/media?parent=61"}],"curies":[{"name":"wp","href":"https:\/\/api.w.org\/{rel}","templated":true}]}}